{"id":10,"date":"2021-12-25T12:42:15","date_gmt":"2021-12-25T12:42:15","guid":{"rendered":"https:\/\/kadence.pixel-show.com\/single-product\/?page_id=10"},"modified":"2025-07-26T07:34:45","modified_gmt":"2025-07-26T07:34:45","slug":"contact","status":"publish","type":"page","link":"https:\/\/onsenaspa.com.vn\/en\/contact\/","title":{"rendered":"Li\u00ean h\u1ec7"},"content":{"rendered":"<style>.kb-row-layout-id10_b3c1a2-1b > .kt-row-column-wrap{align-content:start;}:where(.kb-row-layout-id10_b3c1a2-1b > .kt-row-column-wrap) > .wp-block-kadence-column{justify-content:start;}.kb-row-layout-id10_b3c1a2-1b > .kt-row-column-wrap{column-gap:var(--global-kb-gap-md, 2rem);row-gap:var(--global-kb-gap-md, 2rem);max-width:var( --global-content-width, 1290px );padding-left:var(--global-content-edge-padding);padding-right:var(--global-content-edge-padding);padding-top:160px;padding-bottom:80px;grid-template-columns:minmax(0, 1fr);}.kb-row-layout-id10_b3c1a2-1b{background-image:url('https:\/\/onsenaspa.com.vn\/wp-content\/uploads\/2021\/12\/homepod.jpg');background-size:cover;background-position:center center;background-attachment:scroll;background-repeat:no-repeat;}.kb-row-layout-id10_b3c1a2-1b > .kt-row-layout-overlay{opacity:0.64;background-color:var(--global-palette9, #ffffff);}@media all and (max-width: 1024px){.kb-row-layout-id10_b3c1a2-1b > .kt-row-column-wrap{grid-template-columns:minmax(0, 1fr);}}@media all and (max-width: 767px){.kb-row-layout-id10_b3c1a2-1b > .kt-row-column-wrap{padding-top:var(--global-kb-spacing-xl, 4rem);grid-template-columns:minmax(0, 1fr);}}<\/style><div class=\"kb-row-layout-wrap kb-row-layout-id10_b3c1a2-1b alignnone kt-row-has-bg wp-block-kadence-rowlayout\"><div class=\"kt-row-layout-overlay kt-row-overlay-normal\"><\/div><div class=\"kt-row-column-wrap kt-has-1-columns kt-row-layout-equal kt-tab-layout-inherit kt-mobile-layout-row kt-row-valign-top kb-theme-content-width\">\n<style>.kadence-column10_fdd935-f0 > .kt-inside-inner-col,.kadence-column10_fdd935-f0 > .kt-inside-inner-col:before{border-top-left-radius:0px;border-top-right-radius:0px;border-bottom-right-radius:0px;border-bottom-left-radius:0px;}.kadence-column10_fdd935-f0 > .kt-inside-inner-col{column-gap:var(--global-kb-gap-sm, 1rem);}.kadence-column10_fdd935-f0 > .kt-inside-inner-col{flex-direction:column;}.kadence-column10_fdd935-f0 > .kt-inside-inner-col > .aligncenter{width:100%;}.kadence-column10_fdd935-f0 > .kt-inside-inner-col:before{opacity:0.3;}.kadence-column10_fdd935-f0{position:relative;}@media all and (max-width: 1024px){.kadence-column10_fdd935-f0 > .kt-inside-inner-col{flex-direction:column;justify-content:center;}}@media all and (max-width: 767px){.kadence-column10_fdd935-f0 > .kt-inside-inner-col{flex-direction:column;justify-content:center;}}<\/style>\n<div class=\"wp-block-kadence-column kadence-column10_fdd935-f0 inner-column-1\"><div class=\"kt-inside-inner-col\"><style>.wp-block-kadence-advancedheading.kt-adv-heading10_919335-87, .wp-block-kadence-advancedheading.kt-adv-heading10_919335-87[data-kb-block=\"kb-adv-heading10_919335-87\"]{text-align:center;font-style:normal;}.wp-block-kadence-advancedheading.kt-adv-heading10_919335-87 mark.kt-highlight, .wp-block-kadence-advancedheading.kt-adv-heading10_919335-87[data-kb-block=\"kb-adv-heading10_919335-87\"] mark.kt-highlight{font-style:normal;color:#f76a0c;-webkit-box-decoration-break:clone;box-decoration-break:clone;padding-top:0px;padding-right:0px;padding-bottom:0px;padding-left:0px;}.wp-block-kadence-advancedheading.kt-adv-heading10_919335-87 img.kb-inline-image, .wp-block-kadence-advancedheading.kt-adv-heading10_919335-87[data-kb-block=\"kb-adv-heading10_919335-87\"] img.kb-inline-image{width:150px;vertical-align:baseline;}<\/style>\n<h2 class=\"kt-adv-heading10_919335-87 wp-block-kadence-advancedheading\" data-kb-block=\"kb-adv-heading10_919335-87\">Li\u00ean h\u1ec7 v\u1edbi ch\u00fang t\u00f4i<\/h2>\n\n\n<style>.wp-block-kadence-advancedheading.kt-adv-heading10_481fe1-42, .wp-block-kadence-advancedheading.kt-adv-heading10_481fe1-42[data-kb-block=\"kb-adv-heading10_481fe1-42\"]{text-align:center;font-style:normal;}.wp-block-kadence-advancedheading.kt-adv-heading10_481fe1-42 mark.kt-highlight, .wp-block-kadence-advancedheading.kt-adv-heading10_481fe1-42[data-kb-block=\"kb-adv-heading10_481fe1-42\"] mark.kt-highlight{font-style:normal;color:#f76a0c;-webkit-box-decoration-break:clone;box-decoration-break:clone;padding-top:0px;padding-right:0px;padding-bottom:0px;padding-left:0px;}.wp-block-kadence-advancedheading.kt-adv-heading10_481fe1-42 img.kb-inline-image, .wp-block-kadence-advancedheading.kt-adv-heading10_481fe1-42[data-kb-block=\"kb-adv-heading10_481fe1-42\"] img.kb-inline-image{width:150px;vertical-align:baseline;}<\/style>\n<p class=\"kt-adv-heading10_481fe1-42 wp-block-kadence-advancedheading\" data-kb-block=\"kb-adv-heading10_481fe1-42\">Ch\u00fang t\u00f4i lu\u00f4n s\u1eb5n s\u00e0ng h\u1ed7 tr\u1ee3 b\u1ea1n<\/p>\n<\/div><\/div>\n\n<\/div><\/div>\n\n<style>.kb-row-layout-id10_f4b2f8-94 > .kt-row-column-wrap{align-content:start;}:where(.kb-row-layout-id10_f4b2f8-94 > .kt-row-column-wrap) > .wp-block-kadence-column{justify-content:start;}.kb-row-layout-id10_f4b2f8-94 > .kt-row-column-wrap{column-gap:39px;row-gap:var(--global-kb-gap-md, 2rem);max-width:var( --global-content-width, 1290px );padding-left:var(--global-content-edge-padding);padding-right:var(--global-content-edge-padding);padding-top:80px;padding-bottom:0px;grid-template-columns:repeat(2, minmax(0, 1fr));}.kb-row-layout-id10_f4b2f8-94 > .kt-row-layout-overlay{opacity:0.30;}@media all and (max-width: 1024px){.kb-row-layout-id10_f4b2f8-94 > .kt-row-column-wrap{grid-template-columns:minmax(0, 1fr);}}@media all and (max-width: 767px){.kb-row-layout-id10_f4b2f8-94 > .kt-row-column-wrap{padding-top:var(--global-kb-spacing-xxs, 0.5rem);padding-right:var(--global-kb-spacing-xxs, 0.5rem);padding-bottom:var(--global-kb-spacing-xxs, 0.5rem);padding-left:var(--global-kb-spacing-xxs, 0.5rem);grid-template-columns:minmax(0, 1fr);}}<\/style><div class=\"kb-row-layout-wrap kb-row-layout-id10_f4b2f8-94 alignnone wp-block-kadence-rowlayout\"><div class=\"kt-row-column-wrap kt-has-2-columns kt-row-layout-equal kt-tab-layout-row kt-mobile-layout-row kt-row-valign-top kb-theme-content-width\">\n<style>.kadence-column10_47b9b8-91 > .kt-inside-inner-col,.kadence-column10_47b9b8-91 > .kt-inside-inner-col:before{border-top-left-radius:0px;border-top-right-radius:0px;border-bottom-right-radius:0px;border-bottom-left-radius:0px;}.kadence-column10_47b9b8-91 > .kt-inside-inner-col{column-gap:var(--global-kb-gap-sm, 1rem);}.kadence-column10_47b9b8-91 > .kt-inside-inner-col{flex-direction:column;}.kadence-column10_47b9b8-91 > .kt-inside-inner-col > .aligncenter{width:100%;}.kadence-column10_47b9b8-91 > .kt-inside-inner-col:before{opacity:0.3;}.kadence-column10_47b9b8-91{position:relative;}@media all and (max-width: 1024px){.kadence-column10_47b9b8-91 > .kt-inside-inner-col{flex-direction:column;justify-content:center;}}@media all and (max-width: 767px){.kadence-column10_47b9b8-91 > .kt-inside-inner-col{flex-direction:column;justify-content:center;}}<\/style>\n<div class=\"wp-block-kadence-column kadence-column10_47b9b8-91 inner-column-1\"><div class=\"kt-inside-inner-col\"><style>.wp-block-kadence-advancedheading.kt-adv-heading10_89e82b-5b, .wp-block-kadence-advancedheading.kt-adv-heading10_89e82b-5b[data-kb-block=\"kb-adv-heading10_89e82b-5b\"]{font-style:normal;}.wp-block-kadence-advancedheading.kt-adv-heading10_89e82b-5b mark.kt-highlight, .wp-block-kadence-advancedheading.kt-adv-heading10_89e82b-5b[data-kb-block=\"kb-adv-heading10_89e82b-5b\"] mark.kt-highlight{font-style:normal;color:#f76a0c;-webkit-box-decoration-break:clone;box-decoration-break:clone;padding-top:0px;padding-right:0px;padding-bottom:0px;padding-left:0px;}.wp-block-kadence-advancedheading.kt-adv-heading10_89e82b-5b img.kb-inline-image, .wp-block-kadence-advancedheading.kt-adv-heading10_89e82b-5b[data-kb-block=\"kb-adv-heading10_89e82b-5b\"] img.kb-inline-image{width:150px;vertical-align:baseline;}<\/style>\n<h2 class=\"kt-adv-heading10_89e82b-5b wp-block-kadence-advancedheading has-theme-palette-3-color has-text-color\" data-kb-block=\"kb-adv-heading10_89e82b-5b\">B\u1ea1n c\u1ea7n t\u01b0 v\u1ea5n?<\/h2>\n\n\n<style>.wp-block-kadence-advancedheading.kt-adv-heading10_b9b631-ef, .wp-block-kadence-advancedheading.kt-adv-heading10_b9b631-ef[data-kb-block=\"kb-adv-heading10_b9b631-ef\"]{font-style:normal;}.wp-block-kadence-advancedheading.kt-adv-heading10_b9b631-ef mark.kt-highlight, .wp-block-kadence-advancedheading.kt-adv-heading10_b9b631-ef[data-kb-block=\"kb-adv-heading10_b9b631-ef\"] mark.kt-highlight{font-style:normal;color:#f76a0c;-webkit-box-decoration-break:clone;box-decoration-break:clone;padding-top:0px;padding-right:0px;padding-bottom:0px;padding-left:0px;}.wp-block-kadence-advancedheading.kt-adv-heading10_b9b631-ef img.kb-inline-image, .wp-block-kadence-advancedheading.kt-adv-heading10_b9b631-ef[data-kb-block=\"kb-adv-heading10_b9b631-ef\"] img.kb-inline-image{width:150px;vertical-align:baseline;}<\/style>\n<p class=\"kt-adv-heading10_b9b631-ef wp-block-kadence-advancedheading has-theme-palette-5-color has-text-color\" data-kb-block=\"kb-adv-heading10_b9b631-ef\">B\u1ea1n ch\u01b0a r\u00f5 v\u1ec1 s\u1ea3n ph\u1ea9m? C\u1ea7n h\u1ed7 tr\u1ee3 \u0111\u1eb7t h\u00e0ng, \u0111\u1ed5i tr\u1ea3 ho\u1eb7c gi\u1ea3i \u0111\u00e1p ch\u00ednh s\u00e1ch?<\/p>\n\n\n\n<p><strong>H\u00e3y \u0111\u1ec3 l\u1ea1i th\u00f4ng tin c\u1ee7a b\u1ea1n<\/strong> \u2013 \u0111\u1ed9i ng\u0169 t\u01b0 v\u1ea5n c\u1ee7a ch\u00fang t\u00f4i s\u1ebd li\u00ean h\u1ec7 ngay trong v\u00f2ng 24h l\u00e0m vi\u1ec7c.<\/p>\n\n\n\n<p>\u2705 H\u1ed7 tr\u1ee3 c\u00e1 nh\u00e2n h\u00f3a theo nhu c\u1ea7u<br>\u2705 T\u01b0 v\u1ea5n mi\u1ec5n ph\u00ed \u2013 t\u1eadn t\u00e2m \u2013 chuy\u00ean nghi\u1ec7p<br>\u2705 Cam k\u1ebft b\u1ea3o m\u1eadt tuy\u1ec7t \u0111\u1ed1i th\u00f4ng tin kh\u00e1ch h\u00e0ng<\/p>\n<\/div><\/div>\n\n\n<style>.kadence-column10_2fc091-8a > .kt-inside-inner-col{padding-top:30px;padding-right:30px;padding-bottom:30px;padding-left:30px;}.kadence-column10_2fc091-8a > .kt-inside-inner-col,.kadence-column10_2fc091-8a > .kt-inside-inner-col:before{border-top-left-radius:7px;border-top-right-radius:7px;border-bottom-right-radius:7px;border-bottom-left-radius:7px;}.kadence-column10_2fc091-8a > .kt-inside-inner-col{column-gap:var(--global-kb-gap-sm, 1rem);}.kadence-column10_2fc091-8a > .kt-inside-inner-col{flex-direction:column;}.kadence-column10_2fc091-8a > .kt-inside-inner-col > .aligncenter{width:100%;}.kadence-column10_2fc091-8a > .kt-inside-inner-col{background-color:var(--global-palette7, #EDF2F7);}.kadence-column10_2fc091-8a > .kt-inside-inner-col:before{opacity:0.3;}.kadence-column10_2fc091-8a{position:relative;}@media all and (max-width: 1024px){.kadence-column10_2fc091-8a > .kt-inside-inner-col{flex-direction:column;justify-content:center;}}@media all and (max-width: 767px){.kadence-column10_2fc091-8a > .kt-inside-inner-col{flex-direction:column;justify-content:center;}}<\/style>\n<div class=\"wp-block-kadence-column kadence-column10_2fc091-8a inner-column-2\"><div class=\"kt-inside-inner-col\"><style>.kadence-form-10_1a9295-0a .kb-form .kadence-blocks-form-field .kb-text-style-field, .kadence-form-10_1a9295-0a .kb-form .kadence-blocks-form-field .kb-select-style-field{color:var(--global-palette3, #1A202C);border-width:0px 0px 3px 0px;background:rgba(0, 0, 0, 0);border-color:var(--global-palette2, #2B6CB0);}.kadence-form-10_1a9295-0a .kb-form .kadence-blocks-form-field .kb-forms-submit{border-radius:50px;}.kadence-form-10_1a9295-0a .kb-form .kadence-blocks-form-field .kb-forms-submit{text-transform:uppercase;}.kb-form input.kadence-blocks-field.verify{opacity:0.0;position:absolute;top:0.0;left:0.0;width:0.0;height:0.0;z-index:-1;}<\/style>\n<div class=\"wp-block-kadence-form kadence-form-10_1a9295-0a kb-form-wrap\"><form class=\"kb-form\" action=\"\" method=\"post\" data-trp-original-action=\"\"><div class=\"kadence-blocks-form-field kb-field-desk-width-100 kb-input-size-standard\"><input name=\"kb_field_0\" id=\"kb_field_10_1a9295-0a_0\" data-label=\"Name\" type=\"text\" placeholder=\"H\u1ecd t\u00ean\" value=\"\" data-type=\"text\" class=\"kb-field kb-text-style-field kb-text-field kb-field-0\"\/><\/div><div class=\"kadence-blocks-form-field kb-form-field-1 kb-field-desk-width-100 kb-input-size-standard\"><input name=\"kb_field_1\" id=\"kb_field_10_1a9295-0a_1\" data-label=\"Email\" type=\"email\" placeholder=\"\u0110\u1ecba ch\u1ec9 email\" value=\"\" data-type=\"email\" class=\"kb-field kb-text-style-field kb-email-field kb-field-1\" data-required=\"yes\"\/><\/div><div class=\"kadence-blocks-form-field kb-form-field-2 kb-field-desk-width-50 kb-input-size-standard\"><input name=\"kb_field_2\" id=\"kb_field_10_1a9295-0a_2\" data-label=\"Phone Number\" type=\"text\" placeholder=\"S\u1ed1 \u0111i\u1ec7n tho\u1ea1i\" value=\"\" data-type=\"text\" class=\"kb-field kb-text-style-field kb-text-field kb-field-2\"\/><\/div><div class=\"kadence-blocks-form-field kb-form-field-3 kb-field-desk-width-50 kb-input-size-standard\"><input name=\"kb_field_3\" id=\"kb_field_10_1a9295-0a_3\" data-label=\"Subject\" type=\"text\" placeholder=\"Ch\u1ee7 \u0111\u1ec1\" value=\"\" data-type=\"text\" class=\"kb-field kb-text-style-field kb-text-field kb-field-3\"\/><\/div><div class=\"kadence-blocks-form-field kb-form-field-4 kb-field-desk-width-100 kb-input-size-standard\"><textarea name=\"kb_field_4\" id=\"kb_field_10_1a9295-0a_4\" data-label=\"Message\" type=\"textarea\" placeholder=\"L\u1eddi nh\u1eafn\" data-type=\"textarea\" class=\"kb-field kb-text-style-field kb-textarea-field kb-field-4\" rows=\"4\" data-required=\"yes\"><\/textarea><\/div><input type=\"hidden\" name=\"_kb_form_id\" value=\"10_1a9295-0a\"\/><input type=\"hidden\" name=\"_kb_form_post_id\" value=\"10\"\/><input type=\"hidden\" name=\"action\" value=\"kb_process_ajax_submit\"\/><label class=\"kadence-verify-label\">Email<input class=\"kadence-blocks-field verify\" type=\"text\" name=\"_kb_verify_email\" autocomplete=\"new-password\" aria-hidden=\"true\" placeholder=\"Email\" tabindex=\"-1\" data-1p-ignore=\"true\" data-lpignore=\"true\" \/><\/label><div class=\"kadence-blocks-form-field kb-submit-field kb-field-desk-width-100\"><button class=\"kb-forms-submit button kb-button-size-standard kb-button-width-full\">Nh\u1ea5n \u0111\u1ec3 g\u1eedi<\/button><\/div><input type=\"hidden\" name=\"trp-form-language\" value=\"en\"\/><\/form><\/div>\n<noscript><div class=\"kadence-blocks-form-message kadence-blocks-form-warning\">Please enable JavaScript in your browser to submit the form<\/div><style>.kadence-form-10_1a9295-0a .kadence-blocks-form-field.kb-submit-field { display: none; }<\/style><\/noscript><\/div><\/div>\n\n<\/div><\/div>\n\n<style>.kb-row-layout-id10_3ae237-fa > .kt-row-column-wrap{align-content:start;}:where(.kb-row-layout-id10_3ae237-fa > .kt-row-column-wrap) > .wp-block-kadence-column{justify-content:start;}.kb-row-layout-id10_3ae237-fa > .kt-row-column-wrap{column-gap:var(--global-kb-gap-md, 2rem);row-gap:var(--global-kb-gap-md, 2rem);max-width:var( --global-content-width, 1290px );padding-left:var(--global-content-edge-padding);padding-right:var(--global-content-edge-padding);padding-top:0px;padding-bottom:0px;grid-template-columns:minmax(0, 1fr);}.kb-row-layout-id10_3ae237-fa > .kt-row-layout-overlay{opacity:0.30;}.kb-row-layout-id10_3ae237-fa{z-index:35;position:relative;}@media all and (max-width: 1024px){.kb-row-layout-id10_3ae237-fa > .kt-row-column-wrap{grid-template-columns:minmax(0, 1fr);}}@media all and (max-width: 767px){.kb-row-layout-id10_3ae237-fa > .kt-row-column-wrap{grid-template-columns:minmax(0, 1fr);}.kb-row-layout-id10_3ae237-fa{border-top-left-radius:0px;border-top-right-radius:0px;border-bottom-right-radius:0px;border-bottom-left-radius:0px;}.kb-row-layout-wrap.wp-block-kadence-rowlayout.kb-row-layout-id10_3ae237-fa{background:rgba(0,0,0,0);}}.kb-row-layout-id10_3ae237-fa .shadow {  box-shadow: 0px 0px 14px 0px rgb(140 140 140 \/ 18%);    margin-bottom: -50px;}<\/style><div class=\"kb-row-layout-wrap kb-row-layout-id10_3ae237-fa alignnone wp-block-kadence-rowlayout\"><div class=\"kt-row-column-wrap kt-has-1-columns kt-row-layout-equal kt-tab-layout-inherit kt-mobile-layout-row kt-row-valign-top kb-theme-content-width\">\n<style>.kadence-column10_cf41e9-d7 > .kt-inside-inner-col,.kadence-column10_cf41e9-d7 > .kt-inside-inner-col:before{border-top-left-radius:0px;border-top-right-radius:0px;border-bottom-right-radius:0px;border-bottom-left-radius:0px;}.kadence-column10_cf41e9-d7 > .kt-inside-inner-col{column-gap:var(--global-kb-gap-sm, 1rem);}.kadence-column10_cf41e9-d7 > .kt-inside-inner-col{flex-direction:column;}.kadence-column10_cf41e9-d7 > .kt-inside-inner-col > .aligncenter{width:100%;}.kadence-column10_cf41e9-d7 > .kt-inside-inner-col:before{opacity:0.3;}.kadence-column10_cf41e9-d7{position:relative;}@media all and (max-width: 1024px){.kadence-column10_cf41e9-d7 > .kt-inside-inner-col{flex-direction:column;justify-content:center;}}@media all and (max-width: 767px){.kadence-column10_cf41e9-d7 > .kt-inside-inner-col{flex-direction:column;justify-content:center;}}<\/style>\n<div class=\"wp-block-kadence-column kadence-column10_cf41e9-d7 inner-column-1\"><div class=\"kt-inside-inner-col\"><style>.kb-row-layout-id10_f8d5ae-7b > .kt-row-column-wrap{align-content:start;}:where(.kb-row-layout-id10_f8d5ae-7b > .kt-row-column-wrap) > .wp-block-kadence-column{justify-content:start;}.kb-row-layout-id10_f8d5ae-7b > .kt-row-column-wrap{column-gap:var(--global-kb-gap-md, 2rem);row-gap:var(--global-kb-gap-md, 2rem);max-width:1090px;margin-left:auto;margin-right:auto;padding-top:var(--global-kb-spacing-sm, 1.5rem);padding-bottom:var(--global-kb-spacing-sm, 1.5rem);grid-template-columns:minmax(0, 1fr);}.kb-row-layout-id10_f8d5ae-7b > .kt-row-layout-overlay{opacity:0.30;}@media all and (max-width: 1024px){.kb-row-layout-id10_f8d5ae-7b > .kt-row-column-wrap{grid-template-columns:minmax(0, 1fr);}}@media all and (max-width: 767px){.kb-row-layout-id10_f8d5ae-7b > .kt-row-column-wrap{grid-template-columns:minmax(0, 1fr);}}<\/style><div class=\"kb-row-layout-wrap kb-row-layout-id10_f8d5ae-7b alignnone wp-block-kadence-rowlayout\"><div class=\"kt-row-column-wrap kt-has-1-columns kt-row-layout-equal kt-tab-layout-inherit kt-mobile-layout-row kt-row-valign-top\">\n<style>.kadence-column10_110137-60 > .kt-inside-inner-col,.kadence-column10_110137-60 > .kt-inside-inner-col:before{border-top-left-radius:0px;border-top-right-radius:0px;border-bottom-right-radius:0px;border-bottom-left-radius:0px;}.kadence-column10_110137-60 > .kt-inside-inner-col{column-gap:var(--global-kb-gap-sm, 1rem);}.kadence-column10_110137-60 > .kt-inside-inner-col{flex-direction:column;}.kadence-column10_110137-60 > .kt-inside-inner-col > .aligncenter{width:100%;}.kadence-column10_110137-60 > .kt-inside-inner-col:before{opacity:0.3;}.kadence-column10_110137-60{position:relative;}@media all and (max-width: 1024px){.kadence-column10_110137-60 > .kt-inside-inner-col{flex-direction:column;justify-content:center;}}@media all and (max-width: 767px){.kadence-column10_110137-60 > .kt-inside-inner-col{flex-direction:column;justify-content:center;}}<\/style>\n<div class=\"wp-block-kadence-column kadence-column10_110137-60\"><div class=\"kt-inside-inner-col\"><\/div><\/div>\n\n<\/div><\/div><\/div><\/div>\n\n<\/div><\/div>\n\n<style>.kb-row-layout-id10_cdb8ae-ff > .kt-row-column-wrap{align-content:start;}:where(.kb-row-layout-id10_cdb8ae-ff > .kt-row-column-wrap) > .wp-block-kadence-column{justify-content:start;}.kb-row-layout-id10_cdb8ae-ff > .kt-row-column-wrap{column-gap:var(--global-kb-gap-md, 2rem);row-gap:var(--global-kb-gap-md, 2rem);padding-top:var(--global-kb-spacing-sm, 1.5rem);padding-bottom:var(--global-kb-spacing-sm, 1.5rem);grid-template-columns:minmax(0, 1fr);}.kb-row-layout-id10_cdb8ae-ff > .kt-row-layout-overlay{opacity:0.30;}@media all and (max-width: 1024px){.kb-row-layout-id10_cdb8ae-ff > .kt-row-column-wrap{grid-template-columns:minmax(0, 1fr);}}@media all and (max-width: 767px){.kb-row-layout-id10_cdb8ae-ff > .kt-row-column-wrap{grid-template-columns:minmax(0, 1fr);}}<\/style><div class=\"kb-row-layout-wrap kb-row-layout-id10_cdb8ae-ff alignnone wp-block-kadence-rowlayout\"><div class=\"kt-row-column-wrap kt-has-1-columns kt-row-layout-equal kt-tab-layout-inherit kt-mobile-layout-row kt-row-valign-top\">\n<style>.kadence-column10_282f57-26 > .kt-inside-inner-col,.kadence-column10_282f57-26 > .kt-inside-inner-col:before{border-top-left-radius:0px;border-top-right-radius:0px;border-bottom-right-radius:0px;border-bottom-left-radius:0px;}.kadence-column10_282f57-26 > .kt-inside-inner-col{column-gap:var(--global-kb-gap-sm, 1rem);}.kadence-column10_282f57-26 > .kt-inside-inner-col{flex-direction:column;}.kadence-column10_282f57-26 > .kt-inside-inner-col > .aligncenter{width:100%;}.kadence-column10_282f57-26 > .kt-inside-inner-col:before{opacity:0.3;}.kadence-column10_282f57-26{position:relative;}@media all and (max-width: 1024px){.kadence-column10_282f57-26 > .kt-inside-inner-col{flex-direction:column;justify-content:center;}}@media all and (max-width: 767px){.kadence-column10_282f57-26 > .kt-inside-inner-col{flex-direction:column;justify-content:center;}}<\/style>\n<div class=\"wp-block-kadence-column kadence-column10_282f57-26\"><div class=\"kt-inside-inner-col\">\n<div style=\"width: 100vw; position: relative; left: 50%; right: 50%; margin-left: -50vw;\">\n  <iframe \n    src=\"https:\/\/www.google.com\/maps\/embed?pb=!1m18!1m12!1m3!1d3919.635678785722!2d106.69622941066172!3d10.76253575940541!2m3!1f0!2f0!3f0!3m2!1i1024!2i768!4f13.1!3m3!1m2!1s0x31752f14a6e45b39%3A0x3c2a73b846bd6da4!2zMTU1IELhur9uIFbDom4gxJDhu5NuLCBQaMaw4budbmcgOSwgUXXhuq1uIDQsIEjhu5MgQ2jDrSBNaW5oIDcwMDAwMCwgVmlldG5hbQ!5e0!3m2!1sen!2s!4v1753515143833!5m2!1sen!2s\" \n    width=\"100%\" \n    height=\"450\" \n    style=\"border:0;\" \n    allowfullscreen=\"\" \n    loading=\"lazy\" \n    referrerpolicy=\"no-referrer-when-downgrade\">\n  <\/iframe>\n<\/div>\n\n\n\n<style>.kb-row-layout-id10_d45ed4-e5 > .kt-row-column-wrap{align-content:start;}:where(.kb-row-layout-id10_d45ed4-e5 > .kt-row-column-wrap) > .wp-block-kadence-column{justify-content:start;}.kb-row-layout-id10_d45ed4-e5 > .kt-row-column-wrap{column-gap:var(--global-kb-gap-md, 2rem);row-gap:var(--global-kb-gap-md, 2rem);padding-top:var(--global-kb-spacing-sm, 1.5rem);padding-bottom:var(--global-kb-spacing-sm, 1.5rem);grid-template-columns:minmax(0, 1fr);}.kb-row-layout-id10_d45ed4-e5 > .kt-row-layout-overlay{opacity:0.30;}@media all and (max-width: 1024px){.kb-row-layout-id10_d45ed4-e5 > .kt-row-column-wrap{grid-template-columns:minmax(0, 1fr);}}@media all and (max-width: 767px){.kb-row-layout-id10_d45ed4-e5 > .kt-row-column-wrap{grid-template-columns:minmax(0, 1fr);}}<\/style><div class=\"kb-row-layout-wrap kb-row-layout-id10_d45ed4-e5 alignnone wp-block-kadence-rowlayout\"><div class=\"kt-row-column-wrap kt-has-1-columns kt-row-layout-equal kt-tab-layout-inherit kt-mobile-layout-row kt-row-valign-top\">\n<style>.kadence-column10_2a8f4a-c2 > .kt-inside-inner-col,.kadence-column10_2a8f4a-c2 > .kt-inside-inner-col:before{border-top-left-radius:0px;border-top-right-radius:0px;border-bottom-right-radius:0px;border-bottom-left-radius:0px;}.kadence-column10_2a8f4a-c2 > .kt-inside-inner-col{column-gap:var(--global-kb-gap-sm, 1rem);}.kadence-column10_2a8f4a-c2 > .kt-inside-inner-col{flex-direction:column;}.kadence-column10_2a8f4a-c2 > .kt-inside-inner-col > .aligncenter{width:100%;}.kadence-column10_2a8f4a-c2 > .kt-inside-inner-col:before{opacity:0.3;}.kadence-column10_2a8f4a-c2{position:relative;}@media all and (max-width: 1024px){.kadence-column10_2a8f4a-c2 > .kt-inside-inner-col{flex-direction:column;justify-content:center;}}@media all and (max-width: 767px){.kadence-column10_2a8f4a-c2 > .kt-inside-inner-col{flex-direction:column;justify-content:center;}}<\/style>\n<div class=\"wp-block-kadence-column kadence-column10_2a8f4a-c2\"><div class=\"kt-inside-inner-col\"><\/div><\/div>\n\n<\/div><\/div><\/div><\/div>\n\n<\/div><\/div>","protected":false},"excerpt":{"rendered":"<p>Li\u00ean h\u1ec7 v\u1edbi ch\u00fang t\u00f4i Ch\u00fang t\u00f4i lu\u00f4n s\u1eb5n s\u00e0ng h\u1ed7 tr\u1ee3 b\u1ea1n B\u1ea1n c\u1ea7n t\u01b0 v\u1ea5n? B\u1ea1n ch\u01b0a r\u00f5 v\u1ec1 s\u1ea3n ph\u1ea9m? C\u1ea7n h\u1ed7 tr\u1ee3 \u0111\u1eb7t h\u00e0ng, \u0111\u1ed5i tr\u1ea3 ho\u1eb7c gi\u1ea3i \u0111\u00e1p ch\u00ednh s\u00e1ch? H\u00e3y \u0111\u1ec3 l\u1ea1i th\u00f4ng tin c\u1ee7a b\u1ea1n \u2013 \u0111\u1ed9i ng\u0169 t\u01b0 v\u1ea5n c\u1ee7a ch\u00fang t\u00f4i s\u1ebd li\u00ean h\u1ec7 ngay trong&#8230;<\/p>","protected":false},"author":5,"featured_media":999,"parent":0,"menu_order":0,"comment_status":"closed","ping_status":"closed","template":"","meta":{"_kad_blocks_custom_css":"","_kad_blocks_head_custom_js":"","_kad_blocks_body_custom_js":"","_kad_blocks_footer_custom_js":"","_kad_post_transparent":"default","_kad_post_title":"hide","_kad_post_layout":"fullwidth","_kad_post_sidebar_id":"","_kad_post_content_style":"unboxed","_kad_post_vertical_padding":"hide","_kad_post_feature":"hide","_kad_post_feature_position":"","_kad_post_header":false,"_kad_post_footer":false,"_kad_post_classname":"","footnotes":""},"class_list":["post-10","page","type-page","status-publish","has-post-thumbnail","hentry"],"taxonomy_info":[],"featured_image_src_large":["https:\/\/onsenaspa.com.vn\/wp-content\/uploads\/2022\/01\/Contact-1024x944.jpeg",1024,944,true],"author_info":{"display_name":"hiuhome","author_link":"https:\/\/onsenaspa.com.vn\/en\/author\/hiuhome\/"},"comment_info":0,"_links":{"self":[{"href":"https:\/\/onsenaspa.com.vn\/en\/wp-json\/wp\/v2\/pages\/10","targetHints":{"allow":["GET"]}}],"collection":[{"href":"https:\/\/onsenaspa.com.vn\/en\/wp-json\/wp\/v2\/pages"}],"about":[{"href":"https:\/\/onsenaspa.com.vn\/en\/wp-json\/wp\/v2\/types\/page"}],"author":[{"embeddable":true,"href":"https:\/\/onsenaspa.com.vn\/en\/wp-json\/wp\/v2\/users\/5"}],"replies":[{"embeddable":true,"href":"https:\/\/onsenaspa.com.vn\/en\/wp-json\/wp\/v2\/comments?post=10"}],"version-history":[{"count":0,"href":"https:\/\/onsenaspa.com.vn\/en\/wp-json\/wp\/v2\/pages\/10\/revisions"}],"wp:featuredmedia":[{"embeddable":true,"href":"https:\/\/onsenaspa.com.vn\/en\/wp-json\/wp\/v2\/media\/999"}],"wp:attachment":[{"href":"https:\/\/onsenaspa.com.vn\/en\/wp-json\/wp\/v2\/media?parent=10"}],"curies":[{"name":"wp","href":"https:\/\/api.w.org\/{rel}","templated":true}]}}